{"id":2,"date":"2022-05-02T09:53:01","date_gmt":"2022-05-02T07:53:01","guid":{"rendered":"http:\/\/vlmk.pl\/?page_id=2"},"modified":"2022-05-02T10:29:53","modified_gmt":"2022-05-02T08:29:53","slug":"przykladowa-strona","status":"publish","type":"page","link":"https:\/\/vlmk.pl\/?page_id=2","title":{"rendered":"O nas"},"content":{"rendered":"\n<p>Vis Legis Kancelaria Radcy Prawnego Marek Kowalski specjalizuje si\u0119 w szczeg\u00f3lno\u015bci w zakresie:<\/p>\n\n\n\n<ol><li><strong>Prawa IT i prawa nowych technologii<\/strong> \u2013 kompleksowo wspieramy przedsi\u0119biorc\u00f3w dostarczaj\u0105cych oprogramowanie, aplikacje mobilne, serwisy internetowe itp. lub korzystaj\u0105cych z takich rozwi\u0105za\u0144. Ponadto przygotowujemy i negocjujemy kontrakty IT (Agile, Waterfall, SaaS, PaaS, IaaS), SLA, umowy licencyjne, umowy oursourcingu, umowy utrzymaniowe\/serwisowe oraz umowy rozwojowe. Wspieramy tak\u017ce przedsi\u0119biorc\u00f3w chc\u0105cych korzysta\u0107 z Cloud Computingu. Ponadto przeprowadzamy audyty prawne przedsi\u0119biorstw, w wy\u017cej wymienionym zakresie.<\/li><li><strong>Obs\u0142uga przedsi\u0119biorstw <\/strong>\u2013 przygotowujemy oraz opiniujemy umowy, regulaminy, statuty oraz inne dokumenty prawne. Ponadto reprezentujemy naszych klient\u00f3w w negocjacjach.<\/li><li><strong>RODO i ochrona danych osobowych <\/strong>\u2013 kompleksowo wspieramy przedsi\u0119biorc\u00f3w w zakresie ochrony danych osobowych, w tym w szczeg\u00f3lno\u015bci przygotowujemy dokumentacj\u0119 wymagan\u0105 przez RODO oraz procedury zwi\u0105zane z ochron\u0105 danych osobowych.<\/li><\/ol>\n\n\n\n<p>\u0141\u0105czymy nasz\u0105 wiedz\u0119, kompetencje i wieloletnie do\u015bwiadczenie ze \u015bwiatem biznesu, co pozwala nam skutecznie pomaga\u0107 naszym Klientom. Naszym celem jest satysfakcja naszych Klient\u00f3w z dostarczanych im us\u0142ug oraz budowanie d\u0142ugotrwa\u0142ych relacji.<\/p>\n","protected":false},"excerpt":{"rendered":"<p>Vis Legis Kancelaria Radcy Prawnego Marek Kowalski specjalizuje si\u0119 w szczeg\u00f3lno\u015bci w zakresie: Prawa IT i prawa nowych technologii \u2013 kompleksowo wspieramy przedsi\u0119biorc\u00f3w dostarczaj\u0105cych oprogramowanie, aplikacje mobilne, serwisy internetowe itp. lub korzystaj\u0105cych z takich rozwi\u0105za\u0144. Ponadto przygotowujemy i negocjujemy kontrakty IT (Agile, Waterfall, SaaS, PaaS, IaaS), SLA, umowy licencyjne, umowy oursourcingu, umowy utrzymaniowe\/serwisowe oraz umowy &#8230; <a title=\"O nas\" class=\"read-more\" href=\"https:\/\/vlmk.pl\/?page_id=2\" aria-label=\"Read more about O nas\">Read more<\/a><\/p>\n","protected":false},"author":1,"featured_media":0,"parent":0,"menu_order":0,"comment_status":"closed","ping_status":"open","template":"","meta":{"footnotes":""},"_links":{"self":[{"href":"https:\/\/vlmk.pl\/index.php?rest_route=\/wp\/v2\/pages\/2"}],"collection":[{"href":"https:\/\/vlmk.pl\/index.php?rest_route=\/wp\/v2\/pages"}],"about":[{"href":"https:\/\/vlmk.pl\/index.php?rest_route=\/wp\/v2\/types\/page"}],"author":[{"embeddable":true,"href":"https:\/\/vlmk.pl\/index.php?rest_route=\/wp\/v2\/users\/1"}],"replies":[{"embeddable":true,"href":"https:\/\/vlmk.pl\/index.php?rest_route=%2Fwp%2Fv2%2Fcomments&post=2"}],"version-history":[{"count":1,"href":"https:\/\/vlmk.pl\/index.php?rest_route=\/wp\/v2\/pages\/2\/revisions"}],"predecessor-version":[{"id":19,"href":"https:\/\/vlmk.pl\/index.php?rest_route=\/wp\/v2\/pages\/2\/revisions\/19"}],"wp:attachment":[{"href":"https:\/\/vlmk.pl\/index.php?rest_route=%2Fwp%2Fv2%2Fmedia&parent=2"}],"curies":[{"name":"wp","href":"https:\/\/api.w.org\/{rel}","templated":true}]}}