{"id":35,"date":"2022-05-25T10:20:34","date_gmt":"2022-05-25T08:20:34","guid":{"rendered":"https:\/\/vlmk.pl\/?page_id=35"},"modified":"2022-05-25T10:24:25","modified_gmt":"2022-05-25T08:24:25","slug":"polityka-prywatnosci-2","status":"publish","type":"page","link":"https:\/\/vlmk.pl\/?page_id=35","title":{"rendered":"Dane osobowe"},"content":{"rendered":"\n<p><strong>DANE ADMINISTRATORA DANYCH<\/strong><\/p>\n\n\n\n<p>Administratorem danych osobowych w rozumieniu rozporz\u0105dzenia Parlamentu Europejskiego i Rady (UE) 2016\/67 z dnia 27 kwietnia 2016 r. w sprawie ochrony os\u00f3b fizycznych w zwi\u0105zku z przetwarzaniem danych osobowych i w sprawie swobodnego przep\u0142ywu takich danych oraz uchylenia dyrektywy 95\/46\/WE (og\u00f3lne rozporz\u0105dzenie o ochronie danych) dalej RODO jest&nbsp; Vis Legis Kancelaria Radcy Prawnego Marek Kowalski sp.k. z siedzib\u0105 w Warszawie przy ul. Grzybowskiej 87.<\/p>\n\n\n\n<p><strong>CELE ZBIERANIA DANYCH I PODSTAWA PRAWNA<\/strong><\/p>\n\n\n\n<ol type=\"1\"><li>Dane osobowe os\u00f3b wsp\u00f3\u0142pracuj\u0105cych, kontrahent\u00f3w i os\u00f3b dzia\u0142aj\u0105cych w ich imieniu, zbierane s\u0105 celu:<ol><li>\u015bwiadczenia us\u0142ug prawnych przez Kancelari\u0119 &#8211; art. 6. ust. 1. lit: b) RODO,<\/li><li>zapewnienia prawid\u0142owej organizacji \u015bwiadczenia us\u0142ug prawnych i dzia\u0142alno\u015bci gospodarczej &#8211; art. 6. ust. 1. lit: b) i c) RODO,<\/li><li>wykonania obowi\u0105zk\u00f3w wynikaj\u0105cych z przepis\u00f3w prawa &#8211; art. 6. ust. 1. lit: c) RODO.<\/li><\/ol><\/li><li>W przypadku przetwarzania danych na podstawie zgody na dzia\u0142ania marketingowe:<\/li><li>dzia\u0142ania marketingowe b\u0119d\u0105 dotyczy\u0107 tylko us\u0142ug Kancelarii,<\/li><li>zgoda mo\u017ce by\u0107 w ka\u017cdej chwili odwo\u0142ana, jednak dzia\u0142ania dokonane w okresie jej obowi\u0105zywania pozostaj\u0105 zgodne z prawem,<\/li><li>wyra\u017cenie zgody jest dobrowolne.<\/li><\/ol>\n\n\n\n<p><strong>SPOS\u00d3B PRZETWARZANIA<\/strong><\/p>\n\n\n\n<p>Dane nie b\u0119d\u0105 przetwarzane w&nbsp;spos\u00f3b zautomatyzowany w tym w oparciu o profilowanie.<\/p>\n\n\n\n<p><strong>PRZEKAZYWANIA DANYCH INNYM PODMIOTOM<\/strong><\/p>\n\n\n\n<p>Dane osobowe nie s\u0105 udost\u0119pniane innym podmiotom w celach marketingowych.<\/p>\n\n\n\n<p>Dane osobowe mog\u0105 by\u0107 przekazywane podmiotom zapewniaj\u0105cym obs\u0142ug\u0119 komunikacyjn\u0105, informatyczna, ksi\u0119gow\u0105.<\/p>\n\n\n\n<p><strong>TRANSFER DANYCH POZA EUROPEJSKI OBSZAR GOSPODARCZY.<\/strong><\/p>\n\n\n\n<p>Dane osobowe nie b\u0119d\u0105 przekazywane poza Europejski Obszar Gospodarczy.<\/p>\n\n\n\n<p><strong>PRAWA OSOBY, KT\u00d3REJ DANE S\u0104 PRZETWARZANE<\/strong><\/p>\n\n\n\n<ol type=\"1\"><li>Osobie, kt\u00f3rej dane dotycz\u0105 przys\u0142uguje prawo do:<\/li><li>dost\u0119pu do tre\u015bci danych w tym uzyskania ich kopii,<\/li><li>sprostowania danych,<\/li><li>usuni\u0119cia lub ograniczenia przetwarzania danych,<\/li><li>przenoszenia danych,<\/li><li>sprzeciwu wobec przetwarzania danych w szczeg\u00f3lno\u015bci w celach marketingowych,<\/li><li>prawo wniesienia skargi do organu nadzorczego.<\/li><\/ol>\n\n\n\n<p>&nbsp;<strong>OKRES PRZETWARZANIA DANYCH<\/strong><\/p>\n\n\n\n<p>Dane osobowe b\u0119d\u0105 przetwarzane przez okres potrzebny do realizacji celu przetwarzania danych w szczeg\u00f3lno\u015bci realizacji umowy, a nast\u0119pnie zostan\u0105 usuni\u0119te po okresie przedawnienia roszcze\u0144 i ustaniu obowi\u0105zk\u00f3w wynikaj\u0105cych z przepis\u00f3w o prawa.<\/p>\n","protected":false},"excerpt":{"rendered":"<p>DANE ADMINISTRATORA DANYCH Administratorem danych osobowych w rozumieniu rozporz\u0105dzenia Parlamentu Europejskiego i Rady (UE) 2016\/67 z dnia 27 kwietnia 2016 r. w sprawie ochrony os\u00f3b fizycznych w zwi\u0105zku z przetwarzaniem danych osobowych i w sprawie swobodnego przep\u0142ywu takich danych oraz uchylenia dyrektywy 95\/46\/WE (og\u00f3lne rozporz\u0105dzenie o ochronie danych) dalej RODO jest&nbsp; Vis Legis Kancelaria Radcy &#8230; <a title=\"Dane osobowe\" class=\"read-more\" href=\"https:\/\/vlmk.pl\/?page_id=35\" aria-label=\"Read more about Dane osobowe\">Read more<\/a><\/p>\n","protected":false},"author":1,"featured_media":0,"parent":0,"menu_order":0,"comment_status":"closed","ping_status":"closed","template":"","meta":{"footnotes":""},"_links":{"self":[{"href":"https:\/\/vlmk.pl\/index.php?rest_route=\/wp\/v2\/pages\/35"}],"collection":[{"href":"https:\/\/vlmk.pl\/index.php?rest_route=\/wp\/v2\/pages"}],"about":[{"href":"https:\/\/vlmk.pl\/index.php?rest_route=\/wp\/v2\/types\/page"}],"author":[{"embeddable":true,"href":"https:\/\/vlmk.pl\/index.php?rest_route=\/wp\/v2\/users\/1"}],"replies":[{"embeddable":true,"href":"https:\/\/vlmk.pl\/index.php?rest_route=%2Fwp%2Fv2%2Fcomments&post=35"}],"version-history":[{"count":2,"href":"https:\/\/vlmk.pl\/index.php?rest_route=\/wp\/v2\/pages\/35\/revisions"}],"predecessor-version":[{"id":37,"href":"https:\/\/vlmk.pl\/index.php?rest_route=\/wp\/v2\/pages\/35\/revisions\/37"}],"wp:attachment":[{"href":"https:\/\/vlmk.pl\/index.php?rest_route=%2Fwp%2Fv2%2Fmedia&parent=35"}],"curies":[{"name":"wp","href":"https:\/\/api.w.org\/{rel}","templated":true}]}}